{"id":299,"date":"2018-04-19T20:19:25","date_gmt":"2018-04-19T19:19:25","guid":{"rendered":"https:\/\/demo.boldgrid.com\/trial-651f43ad\/home\/"},"modified":"2024-07-07T17:19:18","modified_gmt":"2024-07-07T16:19:18","slug":"home","status":"publish","type":"page","link":"https:\/\/kinolios.com\/en\/","title":{"rendered":"Home"},"content":{"rendered":"<div class=\"boldgrid-section\">\n<div class=\"container-fluid\">\n<div class=\"row\">\n<div class=\"col-md-12 col-xs-12 col-sm-12 col-lg-12\"><\/div>\n<\/div>\n<\/div>\n<\/div>\n<div class=\"boldgrid-section\">\n<div class=\"container\"><\/div>\n<\/div>\n<div class=\"boldgrid-section\" style=\"margin: -50px 0px 0px;\">\n<div class=\"container\">\n<div class=\"row\" style=\"padding: 0px 0% 0%; margin: -50px -25px 0px; width: auto;\">\n<div class=\"col-md-12 col-xs-12 col-sm-12 col-lg-12\" style=\"padding: 0% 0.9%;\">\n<p class=\"\">\n<\/div>\n<\/div>\n<\/div>\n<\/div>\n<div class=\"boldgrid-section background-parallax\">\n<div class=\"container\">\n<div class=\"row\" style=\"padding-top: 38px; padding-bottom: 22px;\">\n<div class=\"col-md-12 col-xs-12 col-sm-12 col-lg-12\">\n<h1 class=\"entry-title\">An<\/h1>\n<h3 class=\"\" style=\"text-align: center;\">What is Kinolios?<\/h3>\n<\/div>\n<\/div>\n<div class=\"row\">\n<div class=\"col-md-12 col-xs-12 col-sm-12 col-lg-12\">\n<p class=\"wow fadeIn\" style=\"text-align: center;\" data-wow-duration=\"1s\" data-wow-delay=\"0.5s\">Kinolios is a freelance videography company based in Toulon and the south of France.\nIt produces and direct fiction projects, documentaries, music videos, advertisements and corporate movies.<\/p>\n<\/div>\n<\/div>\n<div class=\"row\" style=\"padding-top: 0px; padding-bottom: 11px;\">\n<div class=\"col-md-4 col-xs-12 col-sm-6 col-lg-4 color-1-text-contrast\">\n<div class=\"bg-box bg-box-square bg-box-cover color1-text-default\">\n<p class=\"wow fadeIn\" data-wow-duration=\"1s\" data-wow-delay=\"0.5s\">This is a website created to share our work and our passion of videography and photography. Through a blog, we will explore the aspects of crafting an image, show our works in progress as well as our journey as a videographer.<\/p>\n<p class=\"wow fadeIn\" style=\"border-radius: 0px;\" data-wow-duration=\"1s\" data-wow-delay=\"0s\"><img loading=\"lazy\" decoding=\"async\" class=\"bg-img aligncenter wp-image-6523 size-full bg-img-square\" style=\"margin-top: 20px; margin-bottom: 20px;\" src=\"https:\/\/kinolios.com\/wp-content\/uploads\/2018\/05\/MOI_1.1.1-2.jpg\" alt=\"A picture of Victor Festou taken during a videoshoot\" width=\"300\" height=\"300\" data-imhwpb-asset-id=\"695557\" srcset=\"https:\/\/kinolios.com\/wp-content\/uploads\/2018\/05\/MOI_1.1.1-2.jpg 300w, https:\/\/kinolios.com\/wp-content\/uploads\/2018\/05\/MOI_1.1.1-2-115x115.jpg 115w\" sizes=\"auto, (max-width: 300px) 100vw, 300px\" \/><\/p>\n<\/div>\n<\/div>\n<div class=\"col-md-8 col-sm-6 col-xs-12 col-lg-8\">\n<p class=\"wow fadeIn\" style=\"padding: 0%; margin-top: 0px; margin-bottom: -8px;\" data-wow-duration=\"1s\" data-wow-delay=\"0.4s\"><img loading=\"lazy\" decoding=\"async\" class=\"bg-img bg-img-rounded-bottom-left bg-img-rounded-top-left alignnone wp-image-47730 size-full\" style=\"margin-top: 20px; margin-bottom: 20px;\" src=\"https:\/\/kinolios.com\/wp-content\/uploads\/2023\/02\/FRONT_1.1.1.jpg\" alt=\"\" width=\"2048\" height=\"858\" data-imhwpb-asset-id=\"695558\" srcset=\"https:\/\/kinolios.com\/wp-content\/uploads\/2023\/02\/FRONT_1.1.1.jpg 2048w, https:\/\/kinolios.com\/wp-content\/uploads\/2023\/02\/FRONT_1.1.1-500x209.jpg 500w, https:\/\/kinolios.com\/wp-content\/uploads\/2023\/02\/FRONT_1.1.1-1000x419.jpg 1000w, https:\/\/kinolios.com\/wp-content\/uploads\/2023\/02\/FRONT_1.1.1-200x84.jpg 200w, https:\/\/kinolios.com\/wp-content\/uploads\/2023\/02\/FRONT_1.1.1-768x322.jpg 768w, https:\/\/kinolios.com\/wp-content\/uploads\/2023\/02\/FRONT_1.1.1-1536x644.jpg 1536w\" sizes=\"auto, (max-width: 2048px) 100vw, 2048px\" \/><\/p>\n<p class=\"wow fadeIn\" data-wow-duration=\"1s\" data-wow-delay=\"0.5s\">Kinolios is also the aesthetic that we try to nurish through our professionnal work and personnal projects since we discovered \u00ab vintage \u00bb optics, especially Lomo cinema lenses. Their rendering and their way of shaping the light create a unique texture on screen, which forged and inspired our personal style.<\/p>\n<p class=\"wow fadeIn\" style=\"text-align: center; padding: 1em 0em 0em;\" data-wow-duration=\"1s\" data-wow-delay=\"1s\"><a class=\"button-primary button-overrides\" href=\"https:\/\/kinolios.com\/en\/about-us\/\">Read more<\/a><\/p>\n<\/div>\n<\/div>\n<\/div>\n<\/div>\n<div class=\"boldgrid-section\">\n<div class=\"container\">\n<div class=\"row\">\n<div class=\"col-md-12 col-xs-12 col-sm-12 col-lg-12\">\n<h3 class=\"\" style=\"text-align: center;\">Going further<\/h3>\n<\/div>\n<\/div>\n<div class=\"row\" style=\"padding-top: 5px; padding-bottom: 75px;\">\n<div class=\"col-md-2 col-sm-12 col-xs-12 col-lg-2\"><\/div>\n<div class=\"col-md-4 col-xs-12 col-sm-12 col-lg-4\">\n<p class=\"wow fadeIn\" style=\"padding: 16px 0px 0px; text-align: center;\" data-wow-duration=\"2.5s\" data-wow-delay=\"0,5s\">Do you wish to discover our past projects?<\/p>\n<p class=\"wow fadeIn\" style=\"text-align: center; padding: 16px 0px 0px;\" data-wow-duration=\"2.5s\" data-wow-delay=\"1s\"><a class=\"button-primary button-overrides\" href=\"https:\/\/kinolios.com\/en\/work\/\">See our portfolio <\/a><\/p>\n<\/div>\n<div class=\"col-md-4 col-sm-12 col-xs-12 col-lg-4\">\n<p class=\"wow fadeIn\" style=\"text-align: center; padding: 16px 0px 0px;\" data-wow-duration=\"2.5s\" data-wow-delay=\"0,5s\">You have a project or want a quote ?<\/p>\n<p class=\"wow fadeIn\" style=\"text-align: center; padding: 16px 0px 0px;\" data-wow-duration=\"2.5s\" data-wow-delay=\"1s\"><a class=\"button-primary button-overrides\" href=\"https:\/\/kinolios.com\/en\/contact\/\">Contact us<\/a><\/p>\n<p class=\"\">&nbsp;<\/p>\n<\/div>\n<div class=\"col-md-2 col-sm-12 col-xs-12 col-lg-2\"><\/div>\n<\/div>\n<\/div>\n<\/div>\n<div class=\"boldgrid-section\">\n<div class=\"container\">\n<div class=\"row\">\n<div class=\"col-lg-12 col-md-12 col-xs-12 col-sm-12\"><\/div>\n<\/div>\n<\/div>\n<\/div>","protected":false},"excerpt":{"rendered":"<p>\u00c0 Qu&rsquo;est ce que KINOLIOS? Kinolios est une entreprise individuelle de cr\u00e9ation audiovisuelle bas\u00e9e \u00e0 Toulon et op\u00e9rant dans le Sud de la France. Elle prends en charge la production et r\u00e9alisation de projets de fiction, documentaires, clip vid\u00e9os pour groupes de musiques ainsi que des vid\u00e9os de communication comme des publicit\u00e9s et films institutionnels. [&hellip;]<\/p>","protected":false},"author":1,"featured_media":0,"parent":0,"menu_order":0,"comment_status":"closed","ping_status":"closed","template":"page_home.php","meta":{"footnotes":""},"class_list":["post-299","page","type-page","status-publish"],"_links":{"self":[{"href":"https:\/\/kinolios.com\/en\/wp-json\/wp\/v2\/pages\/299","targetHints":{"allow":["GET"]}}],"collection":[{"href":"https:\/\/kinolios.com\/en\/wp-json\/wp\/v2\/pages"}],"about":[{"href":"https:\/\/kinolios.com\/en\/wp-json\/wp\/v2\/types\/page"}],"author":[{"embeddable":true,"href":"https:\/\/kinolios.com\/en\/wp-json\/wp\/v2\/users\/1"}],"replies":[{"embeddable":true,"href":"https:\/\/kinolios.com\/en\/wp-json\/wp\/v2\/comments?post=299"}],"version-history":[{"count":10,"href":"https:\/\/kinolios.com\/en\/wp-json\/wp\/v2\/pages\/299\/revisions"}],"predecessor-version":[{"id":52776,"href":"https:\/\/kinolios.com\/en\/wp-json\/wp\/v2\/pages\/299\/revisions\/52776"}],"wp:attachment":[{"href":"https:\/\/kinolios.com\/en\/wp-json\/wp\/v2\/media?parent=299"}],"curies":[{"name":"wp","href":"https:\/\/api.w.org\/{rel}","templated":true}]}}