{"id":306,"date":"2018-04-19T20:19:25","date_gmt":"2018-04-19T19:19:25","guid":{"rendered":"https:\/\/demo.boldgrid.com\/trial-651f43ad\/clients\/"},"modified":"2024-04-30T12:06:38","modified_gmt":"2024-04-30T11:06:38","slug":"work","status":"publish","type":"page","link":"https:\/\/kinolios.com\/en\/work\/","title":{"rendered":"Work"},"content":{"rendered":"<div class=\"boldgrid-section wow fadeIn\" style=\"background-image: linear-gradient(to left, rgba(2, 2, 2, 0.39), rgba(2, 2, 2, 0.39)), url('https:\/\/kinolios.com\/wp-content\/uploads\/2018\/05\/LOMO_1.17.2-1.jpg'); background-size: cover; background-position: 50% 46%; margin-top: -100px;\" data-bg-overlaycolor=\"rgba(2,2,2,0.39)\" data-wow-duration=\"2.5s\" data-wow-delay=\"0s\" data-image-url=\"https:\/\/kinolios.com\/wp-content\/uploads\/2018\/05\/LOMO_1.17.2-1.jpg\">\n<div class=\"container\">\n<div class=\"row\" style=\"padding-top: 64px; padding-bottom: 82px;\">\n<div class=\"col-md-1 col-sm-12 col-xs-12 col-lg-1\"><\/div>\n<div class=\"col-md-10 col-xs-12 col-sm-12 col-lg-10\" style=\"padding: 0em 15px;\">\n<div>\n<h2 class=\"bg-text-fx bg-text-fx-closeheavy wow fadeIn\" style=\"text-align: center;\" data-wow-duration=\"2.5s\" data-wow-delay=\"0.5s\">Our work<\/h2>\n<p class=\"bg-text-fx bg-text-fx-closeheavy wow fadeIn\" style=\"padding-left: 30px; text-align: center;\" data-wow-duration=\"2.5s\" data-wow-delay=\"0.5s\">We work from documentary projects, institutional videos, corporate reports, training videos; to fiction projects such as music videos and short films.<\/p>\n<p class=\"bg-text-fx bg-text-fx-closeheavy wow fadeIn\" style=\"padding-left: 30px; text-align: center;\" data-wow-duration=\"2.5s\" data-wow-delay=\"0.75s\">We can also help during post-production with editing, color correcting and grading<\/p>\n<p class=\"bg-text-fx bg-text-fx-closeheavy wow fadeIn\" style=\"text-align: center;\" data-wow-duration=\"2.5s\" data-wow-delay=\"1s\">We are open to any ideas, so don\u2019t hesitate to contact us to discuss them or for a quote with the link below :<\/p>\n<p class=\"wow fadeIn\" style=\"text-align: center; padding: 16px 0px 0px;\" data-wow-duration=\"2.5s\" data-wow-delay=\"1s\"><a class=\"button-primary button-overrides\" href=\"https:\/\/kinolios.com\/en\/contact\/\">Contact us<\/a><\/p>\n<\/div>\n<\/div>\n<div class=\"col-md-1 col-sm-12 col-xs-12 col-lg-1\"><\/div>\n<\/div>\n<\/div>\n<\/div>\n<div class=\"boldgrid-section\">\n<div class=\"container\">\n<div class=\"row gridblock\"><\/div>\n<\/div>\n<\/div>\n<div class=\"boldgrid-section\">\n<div class=\"container\">\n<div class=\"row\" style=\"padding-bottom: 15px; box-shadow: #cecece 0px 0px 0px 0px;\" data-darkreader-inline-boxshadow=\"\">\n<div class=\"col-md-12 col-xs-12 col-sm-12 col-lg-12\" style=\"text-align: center;\">\n<h3 class=\"wow fadeIn animated\" style=\"box-shadow: #cecece 0px 0px 0px 0px inset;\" data-wow-duration=\"1s\" data-wow-delay=\"1s\" data-darkreader-inline-boxshadow=\"\">MUSIC VIDEO<\/h3>\n<\/div>\n<\/div>\n<div class=\"row\" style=\"padding-top: 0px;\">\n<div class=\"col-md-4 text-center col-xs-12 col-sm-12 wow fadeIn col-lg-4 align-column-center\" style=\"padding: 10px 15px 0px;\" data-wow-duration=\"2.5s\" data-wow-delay=\"0.2s\">\n<div>\n<p class=\"\"><div class=\"arve aligncenter\" data-mode=\"normal\" data-oembed=\"1\" data-provider=\"youtube\" id=\"arve-youtube-aqesini-d6q69e687135744f548122300\" style=\"max-width:400px;\">\n<span class=\"arve-inner\">\n<span class=\"arve-embed arve-embed--has-aspect-ratio\" style=\"aspect-ratio: 500 \/ 281\">\n<span class=\"arve-ar\" style=\"padding-top:56.200000%\"><\/span><iframe loading=\"lazy\" allow=\"accelerometer; autoplay; clipboard-write; encrypted-media; gyroscope; picture-in-picture\" allowfullscreen class=\"arve-iframe fitvidsignore\" data-arve=\"arve-youtube-aqesini-d6q69e687135744f548122300\" data-src-no-ap=\"https:\/\/www.youtube-nocookie.com\/embed\/aqEsiNI-D6Q?feature=oembed&amp;iv_load_policy=3&amp;modestbranding=1&amp;rel=0&amp;autohide=1&amp;playsinline=0&amp;autoplay=0\" frameborder=\"0\" height=\"224.8\" sandbox=\"allow-scripts allow-same-origin allow-presentation allow-popups allow-popups-to-escape-sandbox\" scrolling=\"no\" src=\"https:\/\/www.youtube-nocookie.com\/embed\/aqEsiNI-D6Q?feature=oembed&#038;iv_load_policy=3&#038;modestbranding=1&#038;rel=0&#038;autohide=1&#038;playsinline=0&#038;autoplay=0\" width=\"400\" title=\"V\u014dlker Ant - Child part II (Official Video)\"><\/iframe>\n\n<\/span>\n\n<\/span>\n<script type=\"application\/ld+json\">{\"@context\":\"http:\\\/\\\/schema.org\\\/\",\"@id\":\"https:\\\/\\\/kinolios.com\\\/en\\\/work\\\/#arve-youtube-aqesini-d6q69e687135744f548122300\",\"type\":\"VideoObject\",\"embedURL\":\"https:\\\/\\\/www.youtube-nocookie.com\\\/embed\\\/aqEsiNI-D6Q?feature=oembed&iv_load_policy=3&modestbranding=1&rel=0&autohide=1&playsinline=0&autoplay=0\",\"name\":\"V\\u014dlker Ant - Child part II (Official Video)\",\"uploadDate\":\"2024-02-10\"}<\/script>\n<\/div>\n\n<\/div>\n<h4 class=\"\">\u200bV\u014dlker Ant &#8211; Child part II\u200b<\/h4>\n<p class=\"\">Directing, editing and color-grading<\/p>\n<\/div>\n<div class=\"col-md-4 text-center col-xs-12 col-sm-12 wow fadeIn col-lg-4 align-column-center\" style=\"padding: 10px 15px 0px;\" data-wow-duration=\"2.5s\" data-wow-delay=\"0.5s\">\n<div>\n<p class=\"\"><div class=\"arve aligncenter\" data-mode=\"normal\" data-oembed=\"1\" data-provider=\"vimeo\" id=\"arve-vimeo-37857146969e68713610c8124638254\" style=\"max-width:400px;\">\n<span class=\"arve-inner\">\n<span class=\"arve-embed arve-embed--has-aspect-ratio\" style=\"aspect-ratio: 500 \/ 281\">\n<span class=\"arve-ar\" style=\"padding-top:56.200000%\"><\/span><iframe loading=\"lazy\" allow=\"accelerometer; autoplay; clipboard-write; encrypted-media; gyroscope; picture-in-picture\" allowfullscreen class=\"arve-iframe fitvidsignore\" data-arve=\"arve-vimeo-37857146969e68713610c8124638254\" data-src-no-ap=\"https:\/\/player.vimeo.com\/video\/378571469?dnt=1&amp;app_id=122963&amp;html5=1&amp;title=1&amp;byline=0&amp;portrait=0&amp;autoplay=0\" frameborder=\"0\" height=\"224.8\" sandbox=\"allow-scripts allow-same-origin allow-presentation allow-popups allow-popups-to-escape-sandbox allow-forms\" scrolling=\"no\" src=\"https:\/\/player.vimeo.com\/video\/378571469?dnt=1&#038;app_id=122963&#038;html5=1&#038;title=1&#038;byline=0&#038;portrait=0&#038;autoplay=0\" width=\"400\" title=\"Eskape - Pensa\"><\/iframe>\n\n<\/span>\n\n<\/span>\n<script type=\"application\/ld+json\">{\"@context\":\"http:\\\/\\\/schema.org\\\/\",\"@id\":\"https:\\\/\\\/kinolios.com\\\/en\\\/work\\\/#arve-vimeo-37857146969e68713610c8124638254\",\"type\":\"VideoObject\",\"embedURL\":\"https:\\\/\\\/player.vimeo.com\\\/video\\\/378571469?dnt=1&app_id=122963&html5=1&title=1&byline=0&portrait=0&autoplay=0\",\"name\":\"Eskape - Pensa\",\"uploadDate\":\"2019-12-08T20:00:00+0100\",\"description\":\"Clip vid\\u00e9o pour le groupe Eskape. R\\u00e9alisation, montage et \\u00e9talonnage\"}<\/script>\n<\/div>\n\n<\/div>\n<h4 class=\"\">ESKAPE &#8211; PENSA<\/h4>\n<p class=\"\">Directing, editing and color-grading<\/p>\n<\/div>\n<div class=\"col-md-4 text-center col-xs-12 col-sm-12 wow fadeIn col-lg-4 align-column-center\" style=\"padding: 10px 15px 0px;\" data-wow-duration=\"2.5s\" data-wow-delay=\"1s\">\n<div>\n<p class=\"\"><div class=\"arve aligncenter\" data-mode=\"normal\" data-oembed=\"1\" data-provider=\"youtube\" id=\"arve-youtube-4phkuunijls69e6871363185636026892\" style=\"max-width:400px;\">\n<span class=\"arve-inner\">\n<span class=\"arve-embed arve-embed--has-aspect-ratio\" style=\"aspect-ratio: 500 \/ 281\">\n<span class=\"arve-ar\" style=\"padding-top:56.200000%\"><\/span><iframe loading=\"lazy\" allow=\"accelerometer; autoplay; clipboard-write; encrypted-media; gyroscope; picture-in-picture\" allowfullscreen class=\"arve-iframe fitvidsignore\" data-arve=\"arve-youtube-4phkuunijls69e6871363185636026892\" data-src-no-ap=\"https:\/\/www.youtube-nocookie.com\/embed\/4pHkuuniJls?feature=oembed&amp;iv_load_policy=3&amp;modestbranding=1&amp;rel=0&amp;autohide=1&amp;playsinline=0&amp;autoplay=0\" frameborder=\"0\" height=\"224.8\" sandbox=\"allow-scripts allow-same-origin allow-presentation allow-popups allow-popups-to-escape-sandbox\" scrolling=\"no\" src=\"https:\/\/www.youtube-nocookie.com\/embed\/4pHkuuniJls?feature=oembed&#038;iv_load_policy=3&#038;modestbranding=1&#038;rel=0&#038;autohide=1&#038;playsinline=0&#038;autoplay=0\" width=\"400\" title=\"Eskape - Tick Tock (Clip officiel)\"><\/iframe>\n\n<\/span>\n\n<\/span>\n<script type=\"application\/ld+json\">{\"@context\":\"http:\\\/\\\/schema.org\\\/\",\"@id\":\"https:\\\/\\\/kinolios.com\\\/en\\\/work\\\/#arve-youtube-4phkuunijls69e6871363185636026892\",\"type\":\"VideoObject\",\"embedURL\":\"https:\\\/\\\/www.youtube-nocookie.com\\\/embed\\\/4pHkuuniJls?feature=oembed&iv_load_policy=3&modestbranding=1&rel=0&autohide=1&playsinline=0&autoplay=0\",\"name\":\"Eskape - Tick Tock (Clip officiel)\",\"thumbnailUrl\":\"https:\\\/\\\/kinolios.com\\\/wp-content\\\/uploads\\\/2018\\\/05\\\/maxresdefault-e1525895170889.jpg\",\"uploadDate\":\"2019-09-22T20:00:00+0100\",\"description\":\"Clip pour le groupe de musique Eskape R\\u00e9alisation, montage, \\u00e9talonnage\"}<\/script>\n<\/div>\n\n<\/div>\n<h4 class=\"\">Eskape &#8211; TICK TOCK<\/h4>\n<p class=\"\">Directing, editing and color-grading<\/p>\n<\/div>\n<\/div>\n<div class=\"row\" style=\"padding-bottom: 15px; padding-top: 15px;\">\n<div class=\"col-md-12 col-xs-12 col-sm-12 col-lg-12 wow fadeIn\" style=\"text-align: center; box-shadow: #cecece 0px 0px 0px 0px inset;\" data-darkreader-inline-boxshadow=\"\" data-wow-duration=\"1s\" data-wow-delay=\"1s\">\n<h3 class=\"wow fadeIn animated\" style=\"box-shadow: #cecece 0px 0px 0px 0px;\" data-wow-duration=\"1s\" data-wow-delay=\"s\" data-darkreader-inline-boxshadow=\"\">Documentaire &#8211; Vid\u00e9o d&rsquo;entreprise<\/h3>\n<\/div>\n<\/div>\n<div class=\"row\" style=\"padding-top: 0px;\">\n<div class=\"col-md-4 text-center col-xs-12 col-sm-12 wow fadeIn col-lg-4 animated align-column-center\" style=\"padding: 10px 15px 0px; box-shadow: #cecece 0px 0px 0px 0px;\" data-wow-duration=\"2.5s\" data-wow-delay=\"1s\" data-darkreader-inline-boxshadow=\"\">\n<div>\n<div class=\"arve aligncenter\" data-mode=\"normal\" data-oembed=\"1\" data-provider=\"vimeo\" id=\"arve-vimeo-56738762969e6871364255002157762\" style=\"max-width:400px;\">\n<span class=\"arve-inner\">\n<span class=\"arve-embed arve-embed--has-aspect-ratio\">\n<span class=\"arve-ar\" style=\"padding-top:56.250000%\"><\/span><iframe loading=\"lazy\" allow=\"accelerometer; autoplay; clipboard-write; encrypted-media; gyroscope; picture-in-picture\" allowfullscreen class=\"arve-iframe fitvidsignore\" data-arve=\"arve-vimeo-56738762969e6871364255002157762\" data-src-no-ap=\"https:\/\/player.vimeo.com\/video\/567387629?dnt=1&amp;app_id=122963&amp;html5=1&amp;title=1&amp;byline=0&amp;portrait=0&amp;autoplay=0\" frameborder=\"0\" height=\"225\" sandbox=\"allow-scripts allow-same-origin allow-presentation allow-popups allow-popups-to-escape-sandbox allow-forms\" scrolling=\"no\" src=\"https:\/\/player.vimeo.com\/video\/567387629?dnt=1&#038;app_id=122963&#038;html5=1&#038;title=1&#038;byline=0&#038;portrait=0&#038;autoplay=0\" width=\"400\" title=\"Th\u00e9rapie Neptunienne | Massage \u00e0 Domicile | Cannes - Nice - Monaco\"><\/iframe>\n\n<\/span>\n\n<\/span>\n<script type=\"application\/ld+json\">{\"@context\":\"http:\\\/\\\/schema.org\\\/\",\"@id\":\"https:\\\/\\\/kinolios.com\\\/en\\\/work\\\/#arve-vimeo-56738762969e6871364255002157762\",\"type\":\"VideoObject\",\"embedURL\":\"https:\\\/\\\/player.vimeo.com\\\/video\\\/567387629?dnt=1&app_id=122963&html5=1&title=1&byline=0&portrait=0&autoplay=0\",\"name\":\"Th\\u00e9rapie Neptunienne | Massage \\u00e0 Domicile | Cannes - Nice - Monaco\",\"uploadDate\":\"2021-06-25T10:00:00+0100\",\"duration\":\"3m34s\",\"description\":\"Vid\\u00e9o de pr\\u00e9sentation du service de massage \\u00e0 domicile Th\\u00e9rapie Neptunienne op\\u00e9rant entre Cannes, Nice et Monaco (Alpes Maritimes, PACA). Music from Uppbeat License code: G0PM51CQTEFHOMAX\"}<\/script>\n<\/div>\n\n<\/div>\n<h4 class=\"_3vbdr sc-dfVpRl jZZncJ\"><span class=\"-KXLs\">Th\u00e9rapie Neptunienne \u2013 Home massage salon<\/span><\/h4>\n<p class=\"\">Introduction video to the \u201cTh\u00e9rapie Neptunienne\u201d home massage salon, working between Cannes, Nice and Monaco (French Riviera)<\/p>\n<\/div>\n<div class=\"col-md-4 text-center col-xs-12 col-sm-12 wow fadeIn col-lg-4 animated align-column-center\" style=\"padding: 10px 15px 0px; box-shadow: #cecece 0px 0px 0px 0px;\" data-wow-duration=\"2.5s\" data-wow-delay=\"1.5s\" data-darkreader-inline-boxshadow=\"\">\n<div>\n<div class=\"arve aligncenter\" data-mode=\"normal\" data-oembed=\"1\" data-provider=\"vimeo\" id=\"arve-vimeo-47256176469e6871365170074943552\" style=\"max-width:400px;\">\n<span class=\"arve-inner\">\n<span class=\"arve-embed arve-embed--has-aspect-ratio\">\n<span class=\"arve-ar\" style=\"padding-top:56.250000%\"><\/span><iframe loading=\"lazy\" allow=\"accelerometer; autoplay; clipboard-write; encrypted-media; gyroscope; picture-in-picture\" allowfullscreen class=\"arve-iframe fitvidsignore\" data-arve=\"arve-vimeo-47256176469e6871365170074943552\" data-src-no-ap=\"https:\/\/player.vimeo.com\/video\/472561764?dnt=1&amp;app_id=122963&amp;html5=1&amp;title=1&amp;byline=0&amp;portrait=0&amp;autoplay=0\" frameborder=\"0\" height=\"225\" sandbox=\"allow-scripts allow-same-origin allow-presentation allow-popups allow-popups-to-escape-sandbox allow-forms\" scrolling=\"no\" src=\"https:\/\/player.vimeo.com\/video\/472561764?dnt=1&#038;app_id=122963&#038;html5=1&#038;title=1&#038;byline=0&#038;portrait=0&#038;autoplay=0\" width=\"400\" title=\"Portrait d\u2019Artisan - Ma Petite Chocolaterie - 83000 Toulon\"><\/iframe>\n\n<\/span>\n\n<\/span>\n<script type=\"application\/ld+json\">{\"@context\":\"http:\\\/\\\/schema.org\\\/\",\"@id\":\"https:\\\/\\\/kinolios.com\\\/en\\\/work\\\/#arve-vimeo-47256176469e6871365170074943552\",\"type\":\"VideoObject\",\"embedURL\":\"https:\\\/\\\/player.vimeo.com\\\/video\\\/472561764?dnt=1&app_id=122963&html5=1&title=1&byline=0&portrait=0&autoplay=0\",\"name\":\"Portrait d\\u2019Artisan - Ma Petite Chocolaterie - 83000 Toulon\",\"uploadDate\":\"2020-10-26T13:00:00+0100\",\"duration\":\"6m48s\",\"description\":\"Portrait de l'artisan Cl\\u00e9ment Dudragne, chocolatier \\u00e0 Ma Petite Chocolaterie, 16 rue de l'\\u00c9querre \\u00e0 Toulon (83000 Var). R\\u00e9alis\\u00e9 le 12 Octobre 2020 par Victor Festou Produit par Kinolios\"}<\/script>\n<\/div>\n\n<\/div>\n<h4 class=\"_3vbdr sc-dfVpRl jZZncJ\"><span class=\"-KXLs\">Portrait d\u2019Artisan \u2013 Ma Petite Chocolaterie<\/span><\/h4>\n<p class=\"\">Portrait of chocolate maker Cl\u00e9ment Dudragne, working at Ma Petite Chocolaterie, 16 rue de l\u2019\u00c9querre in Toulon (France)<\/p>\n<\/div>\n<div class=\"col-md-4 text-center col-xs-12 col-sm-12 wow fadeIn col-lg-4 animated align-column-center\" style=\"padding: 10px 15px 0px; box-shadow: #cecece 0px 0px 0px 0px;\" data-wow-duration=\"2.5s\" data-wow-delay=\"2s\" data-darkreader-inline-boxshadow=\"\">\n<div>\n<div class=\"arve aligncenter\" data-mode=\"normal\" data-oembed=\"1\" data-provider=\"vimeo\" id=\"arve-vimeo-40459189169e687136603b000922495\" style=\"max-width:400px;\">\n<span class=\"arve-inner\">\n<span class=\"arve-embed arve-embed--has-aspect-ratio\" style=\"aspect-ratio: 50 \/ 27\">\n<span class=\"arve-ar\" style=\"padding-top:54.000000%\"><\/span><iframe loading=\"lazy\" allow=\"accelerometer; autoplay; clipboard-write; encrypted-media; gyroscope; picture-in-picture\" allowfullscreen class=\"arve-iframe fitvidsignore\" data-arve=\"arve-vimeo-40459189169e687136603b000922495\" data-src-no-ap=\"https:\/\/player.vimeo.com\/video\/404591891?dnt=1&amp;app_id=122963&amp;html5=1&amp;title=1&amp;byline=0&amp;portrait=0&amp;autoplay=0\" frameborder=\"0\" height=\"216\" sandbox=\"allow-scripts allow-same-origin allow-presentation allow-popups allow-popups-to-escape-sandbox allow-forms\" scrolling=\"no\" src=\"https:\/\/player.vimeo.com\/video\/404591891?dnt=1&#038;app_id=122963&#038;html5=1&#038;title=1&#038;byline=0&#038;portrait=0&#038;autoplay=0\" width=\"400\" title=\"Nordland - Travers\u00e9e d\u2019un automne\"><\/iframe>\n\n<\/span>\n\n<\/span>\n<script type=\"application\/ld+json\">{\"@context\":\"http:\\\/\\\/schema.org\\\/\",\"@id\":\"https:\\\/\\\/kinolios.com\\\/en\\\/work\\\/#arve-vimeo-40459189169e687136603b000922495\",\"type\":\"VideoObject\",\"embedURL\":\"https:\\\/\\\/player.vimeo.com\\\/video\\\/404591891?dnt=1&app_id=122963&html5=1&title=1&byline=0&portrait=0&autoplay=0\",\"name\":\"Nordland - Travers\\u00e9e d\\u2019un automne\",\"uploadDate\":\"2020-04-06T21:00:00+0100\",\"description\":\"Documentaire en Norv\\u00e8ge\"}<\/script>\n<\/div>\n\n<\/div>\n<h4 class=\"_3vbdr sc-dfVpRl jZZncJ\"><span class=\"-KXLs\">Nordland &#8211; Travers\u00e9e d\u2019un automne<\/span><\/h4>\n<p class=\"\">Short documentary about the coming of winter in Norway shot and directed by Victor Festou, Yorgan Sion et Valentin Williet in 2018<\/p>\n<\/div>\n<\/div>\n<div class=\"row\" style=\"padding-bottom: 15px; padding-top: 15px; box-shadow: #cecece 0px 0px 0px 0px;\" data-darkreader-inline-boxshadow=\"\">\n<div class=\"col-md-12 col-xs-12 col-sm-12 col-lg-12\" style=\"text-align: center; box-shadow: #cecece 0px 0px 0px 0px inset;\" data-darkreader-inline-boxshadow=\"\">\n<h3 class=\"wow fadeIn animated\" style=\"box-shadow: #cecece 0px 0px 0px 0px inset;\" data-wow-duration=\"1s\" data-wow-delay=\"1s\" data-darkreader-inline-boxshadow=\"\">Passion projects<\/h3>\n<\/div>\n<\/div>\n<div class=\"row\" style=\"padding-top: 0px;\">\n<div class=\"col-md-4 text-center col-xs-12 col-sm-12 wow fadeIn col-lg-4 animated\" style=\"padding: 10px 15px 0px; box-shadow: #cecece 0px 0px 0px 0px;\" data-wow-duration=\"2.5s\" data-wow-delay=\"0s\" data-darkreader-inline-boxshadow=\"\">\n<div>\n<div class=\"arve\" data-mode=\"normal\" data-oembed=\"1\" data-provider=\"vimeo\" id=\"arve-vimeo-27912265269e6871367390178991846\">\n<span class=\"arve-inner\">\n<span class=\"arve-embed arve-embed--has-aspect-ratio\" style=\"aspect-ratio: 500 \/ 281\">\n<span class=\"arve-ar\" style=\"padding-top:56.200000%\"><\/span><iframe allow=\"accelerometer; autoplay; clipboard-write; encrypted-media; gyroscope; picture-in-picture\" allowfullscreen class=\"arve-iframe fitvidsignore\" data-arve=\"arve-vimeo-27912265269e6871367390178991846\" data-src-no-ap=\"https:\/\/player.vimeo.com\/video\/279122652?dnt=1&amp;app_id=122963&amp;html5=1&amp;title=1&amp;byline=0&amp;portrait=0&amp;autoplay=0\" frameborder=\"0\" height=\"0\" sandbox=\"allow-scripts allow-same-origin allow-presentation allow-popups allow-popups-to-escape-sandbox allow-forms\" scrolling=\"no\" src=\"https:\/\/player.vimeo.com\/video\/279122652?dnt=1&#038;app_id=122963&#038;html5=1&#038;title=1&#038;byline=0&#038;portrait=0&#038;autoplay=0\" title=\"Iceland 2017\"><\/iframe>\n\n<\/span>\n\n<\/span>\n<script type=\"application\/ld+json\">{\"@context\":\"http:\\\/\\\/schema.org\\\/\",\"@id\":\"https:\\\/\\\/kinolios.com\\\/en\\\/work\\\/#arve-vimeo-27912265269e6871367390178991846\",\"type\":\"VideoObject\",\"embedURL\":\"https:\\\/\\\/player.vimeo.com\\\/video\\\/279122652?dnt=1&app_id=122963&html5=1&title=1&byline=0&portrait=0&autoplay=0\",\"name\":\"Iceland 2017\",\"thumbnailUrl\":\"https:\\\/\\\/kinolios.com\\\/wp-content\\\/uploads\\\/2018\\\/05\\\/Thumbnail_1.3.2-e1526751616329.jpg\",\"uploadDate\":\"2018-07-09T20:00:00+0100\",\"duration\":\"1M53S\",\"description\":\"A short collection of shots taken during a trip to Iceland in 2017\"}<\/script>\n<\/div>\n\n<\/div>\n<h4 class=\"\">Islande 2017<\/h4>\n<p class=\"\">A short collection of shots during a trip in Iceland in 2017<\/p>\n<\/div>\n<div class=\"col-md-4 text-center col-xs-12 col-sm-12 wow fadeIn col-lg-4 animated\" style=\"padding: 10px 15px 0px; box-shadow: #cecece 0px 0px 0px 0px inset;\" data-wow-duration=\"2.5s\" data-wow-delay=\"0.5s\" data-darkreader-inline-boxshadow=\"\">\n<div>\n<div class=\"arve aligncenter\" data-mode=\"normal\" data-oembed=\"1\" data-provider=\"youtube\" id=\"arve-youtube-nt4gycjyxri69e68713682b9399814300\" style=\"max-width:400px;\">\n<span class=\"arve-inner\">\n<span class=\"arve-embed arve-embed--has-aspect-ratio\" style=\"aspect-ratio: 500 \/ 281\">\n<span class=\"arve-ar\" style=\"padding-top:56.200000%\"><\/span><iframe loading=\"lazy\" allow=\"accelerometer; autoplay; clipboard-write; encrypted-media; gyroscope; picture-in-picture\" allowfullscreen class=\"arve-iframe fitvidsignore\" data-arve=\"arve-youtube-nt4gycjyxri69e68713682b9399814300\" data-src-no-ap=\"https:\/\/www.youtube-nocookie.com\/embed\/nT4gYcjYXRI?feature=oembed&amp;iv_load_policy=3&amp;modestbranding=1&amp;rel=0&amp;autohide=1&amp;playsinline=0&amp;autoplay=0\" frameborder=\"0\" height=\"224.8\" sandbox=\"allow-scripts allow-same-origin allow-presentation allow-popups allow-popups-to-escape-sandbox\" scrolling=\"no\" src=\"https:\/\/www.youtube-nocookie.com\/embed\/nT4gYcjYXRI?feature=oembed&#038;iv_load_policy=3&#038;modestbranding=1&#038;rel=0&#038;autohide=1&#038;playsinline=0&#038;autoplay=0\" width=\"400\" title=\"Running Away\"><\/iframe>\n\n<\/span>\n\n<\/span>\n<script type=\"application\/ld+json\">{\"@context\":\"http:\\\/\\\/schema.org\\\/\",\"@id\":\"https:\\\/\\\/kinolios.com\\\/en\\\/work\\\/#arve-youtube-nt4gycjyxri69e68713682b9399814300\",\"type\":\"VideoObject\",\"embedURL\":\"https:\\\/\\\/www.youtube-nocookie.com\\\/embed\\\/nT4gYcjYXRI?feature=oembed&iv_load_policy=3&modestbranding=1&rel=0&autohide=1&playsinline=0&autoplay=0\",\"name\":\"Running Away\",\"thumbnailUrl\":\"https:\\\/\\\/kinolios.com\\\/wp-content\\\/uploads\\\/2018\\\/05\\\/maxresdefault-e1525895170889.jpg\",\"uploadDate\":\"2015-06-01T20:00:00+0100\",\"description\":\"Court-m\\u00e9trage \\u00e9tudiant de 2015 dans le cadre d'un exercice de cours. Tourn\\u00e9 sur une journ\\u00e9e dans une usine abandonn\\u00e9e. Montage et mixage sur Sony Vegas, \\u00e9talonnage sur Davinci Resolve\"}<\/script>\n<\/div>\n\n<\/div>\n<h4 class=\"\">Running Away<\/h4>\n<p class=\"\">Student short film from 2015 as part of a directing exercise.<\/p>\n<\/div>\n<div class=\"col-md-4 text-center col-xs-12 col-sm-12 wow fadeIn col-lg-4 animated\" style=\"padding: 10px 15px 0px; box-shadow: #cecece 0px 0px 0px 0px;\" data-wow-duration=\"2.5s\" data-wow-delay=\"1s\" data-darkreader-inline-boxshadow=\"\">\n<div>\n<div class=\"wc-gallery\"><div class='wcflexslider-container wc-gallery-bottomspace-default wc-gallery-clear'><div id='gallery-1' class='gallery wc-gallery-captions-onpopup gallery-link-file wcsliderfadeauto wcflexslider wcflexslider-hidecontrols' data-reflections='false' data-gutter-width='5' data-columns='1' data-hide-controls='true'><ul class='slides'>\n\t\t\t\t<li class='gallery-item gallery-item-position-1 gallery-item-attachment-10271 wcflex-slide-item'>\n\t\t\t\t\t<div class='gallery-icon landscape'>\n\t\t\t\t\t\t<a href=\"https:\/\/kinolios.com\/wp-content\/uploads\/2018\/05\/MACRO_1.40.1.jpg\" target=\"_self\"><img src='https:\/\/kinolios.com\/wp-content\/uploads\/2018\/05\/MACRO_1.40.1-500x282.jpg' width='500' height='282' alt='Petite abeille sur un bourgeon en macrophotographie' \/><\/a>\n\t\t\t\t\t<\/div><\/li>\n\t\t\t\t<li class='gallery-item gallery-item-position-2 gallery-item-attachment-10272 wcflex-slide-item'>\n\t\t\t\t\t<div class='gallery-icon landscape'>\n\t\t\t\t\t\t<a href=\"https:\/\/kinolios.com\/wp-content\/uploads\/2018\/05\/MACRO_1.47.1.jpg\" target=\"_self\"><img src='https:\/\/kinolios.com\/wp-content\/uploads\/2018\/05\/MACRO_1.47.1-500x282.jpg' width='500' height='282' alt='' \/><\/a>\n\t\t\t\t\t<\/div><\/li>\n\t\t\t\t<li class='gallery-item gallery-item-position-3 gallery-item-attachment-10270 wcflex-slide-item'>\n\t\t\t\t\t<div class='gallery-icon landscape'>\n\t\t\t\t\t\t<a href=\"https:\/\/kinolios.com\/wp-content\/uploads\/2018\/05\/MACRO_1.35.1.jpg\" target=\"_self\"><img src='https:\/\/kinolios.com\/wp-content\/uploads\/2018\/05\/MACRO_1.35.1-500x282.jpg' width='500' height='282' alt='' \/><\/a>\n\t\t\t\t\t<\/div><\/li>\n\t\t\t\t<li class='gallery-item gallery-item-position-4 gallery-item-attachment-10269 wcflex-slide-item'>\n\t\t\t\t\t<div class='gallery-icon landscape'>\n\t\t\t\t\t\t<a href=\"https:\/\/kinolios.com\/wp-content\/uploads\/2018\/05\/MACRO_1.19.1.jpg\" target=\"_self\"><img src='https:\/\/kinolios.com\/wp-content\/uploads\/2018\/05\/MACRO_1.19.1-500x282.jpg' width='500' height='282' alt='' \/><\/a>\n\t\t\t\t\t<\/div><\/li>\n\t\t\t\t<li class='gallery-item gallery-item-position-5 gallery-item-attachment-10268 wcflex-slide-item'>\n\t\t\t\t\t<div class='gallery-icon landscape'>\n\t\t\t\t\t\t<a href=\"https:\/\/kinolios.com\/wp-content\/uploads\/2018\/05\/MACRO_1.10.1.jpg\" target=\"_self\"><img src='https:\/\/kinolios.com\/wp-content\/uploads\/2018\/05\/MACRO_1.10.1-500x282.jpg' width='500' height='282' alt='' \/><\/a>\n\t\t\t\t\t<\/div><\/li><\/ul><\/div>\n<\/div>\n<\/div>\n<\/div>\n<h4 class=\"\">Macrophotography<\/h4>\n<p class=\"\">Personal practice of macro photography<\/p>\n<\/div>\n<\/div>\n<\/div>\n<\/div>","protected":false},"excerpt":{"rendered":"<p>Notre travail Nous travaillons des projets de documentaire, vid\u00e9os institutionnelles, reportages en entreprise, vid\u00e9o de formation; aux projets de fiction comme les clips de musique et court-m\u00e9trages. Nous pouvons aussi intervenir en post-production pour effectuer le montage et l&rsquo;\u00e9talonnage de m\u00e9trages et projets audiovisuels Nous sommes ouvert \u00e0 tout type de projets, n&rsquo;h\u00e9sitez donc pas [&hellip;]<\/p>","protected":false},"author":1,"featured_media":0,"parent":0,"menu_order":0,"comment_status":"closed","ping_status":"closed","template":"","meta":{"footnotes":""},"class_list":["post-306","page","type-page","status-publish"],"_links":{"self":[{"href":"https:\/\/kinolios.com\/en\/wp-json\/wp\/v2\/pages\/306","targetHints":{"allow":["GET"]}}],"collection":[{"href":"https:\/\/kinolios.com\/en\/wp-json\/wp\/v2\/pages"}],"about":[{"href":"https:\/\/kinolios.com\/en\/wp-json\/wp\/v2\/types\/page"}],"author":[{"embeddable":true,"href":"https:\/\/kinolios.com\/en\/wp-json\/wp\/v2\/users\/1"}],"replies":[{"embeddable":true,"href":"https:\/\/kinolios.com\/en\/wp-json\/wp\/v2\/comments?post=306"}],"version-history":[{"count":13,"href":"https:\/\/kinolios.com\/en\/wp-json\/wp\/v2\/pages\/306\/revisions"}],"predecessor-version":[{"id":52665,"href":"https:\/\/kinolios.com\/en\/wp-json\/wp\/v2\/pages\/306\/revisions\/52665"}],"wp:attachment":[{"href":"https:\/\/kinolios.com\/en\/wp-json\/wp\/v2\/media?parent=306"}],"curies":[{"name":"wp","href":"https:\/\/api.w.org\/{rel}","templated":true}]}}