{"id":310,"date":"2018-04-19T20:19:26","date_gmt":"2018-04-19T19:19:26","guid":{"rendered":"https:\/\/demo.boldgrid.com\/trial-651f43ad\/contact-us\/"},"modified":"2024-04-30T10:56:42","modified_gmt":"2024-04-30T09:56:42","slug":"contact","status":"publish","type":"page","link":"https:\/\/kinolios.com\/en\/contact\/","title":{"rendered":"Contact"},"content":{"rendered":"<div class=\"boldgrid-section wow fadeIn\" style=\"background-image: linear-gradient(to left, rgba(0, 0, 0, 0.44), rgba(0, 0, 0, 0.44)), url('https:\/\/kinolios.com\/wp-content\/uploads\/2018\/04\/WAT_1.27.1.jpg'); background-size: cover; background-position: 50% 50%; margin-top: -100px;\" data-bg-overlaycolor=\"rgba(0,0,0,0.44)\" data-wow-duration=\"2.5s\" data-wow-delay=\"0s\" data-image-url=\"https:\/\/kinolios.com\/wp-content\/uploads\/2018\/04\/WAT_1.27.1.jpg\">\n<div class=\"container\">\n<div class=\"row\" style=\"padding-top: 93px; padding-bottom: 48px;\">\n<div class=\"col-md-8 col-sm-8 col-xs-12 wow fadeIn col-lg-8\" data-wow-duration=\"2.6s\" data-wow-delay=\"0.5s\">\n<p class=\"bg-text-fx bg-text-fx-closeheavy\">Please use the contact form below, if you have any questions or requests about our services.<\/p>\n<p class=\"bg-text-fx bg-text-fx-closeheavy\">We will try to respond as soon as we can.<\/p>\n<div class=\"wpforms-container wpforms-container-full\" id=\"wpforms-8156\"><form id=\"wpforms-form-8156\" class=\"wpforms-validate wpforms-form\" data-formid=\"8156\" method=\"post\" enctype=\"multipart\/form-data\" action=\"\/en\/wp-json\/wp\/v2\/pages\/310\" data-token=\"300e7f389f006e276c6e68ff6f221f5e\" data-token-time=\"1776715571\" data-trp-original-action=\"\/en\/wp-json\/wp\/v2\/pages\/310\"><noscript class=\"wpforms-error-noscript\">Please enable JavaScript in your browser to complete this form.<\/noscript><div class=\"wpforms-field-container\"><div id=\"wpforms-8156-field_5-container\" class=\"wpforms-field wpforms-field-name\" data-field-id=\"5\"><label class=\"wpforms-field-label\">Name<\/label><div class=\"wpforms-field-row wpforms-field-medium\"><div class=\"wpforms-field-row-block wpforms-first wpforms-one-half\"><input type=\"text\" id=\"wpforms-8156-field_5\" class=\"wpforms-field-name-first\" name=\"wpforms[fields][5][first]\" ><label for=\"wpforms-8156-field_5\" class=\"wpforms-field-sublabel after\">First<\/label><\/div><div class=\"wpforms-field-row-block wpforms-one-half\"><input type=\"text\" id=\"wpforms-8156-field_5-last\" class=\"wpforms-field-name-last\" name=\"wpforms[fields][5][last]\" ><label for=\"wpforms-8156-field_5-last\" class=\"wpforms-field-sublabel after\">Last<\/label><\/div><\/div><\/div><div id=\"wpforms-8156-field_2-container\" class=\"wpforms-field wpforms-field-email\" data-field-id=\"2\"><label class=\"wpforms-field-label\" for=\"wpforms-8156-field_2\">Email <span class=\"wpforms-required-label\">*<\/span><\/label><input type=\"email\" id=\"wpforms-8156-field_2\" class=\"wpforms-field-medium wpforms-field-required\" name=\"wpforms[fields][2]\" spellcheck=\"false\" required><div class=\"wpforms-field-description\">No personal information is shared with third parties<\/div><\/div><div id=\"wpforms-8156-field_3-container\" class=\"wpforms-field wpforms-field-text\" data-field-id=\"3\"><label class=\"wpforms-field-label\" for=\"wpforms-8156-field_3\">Subject<\/label><input type=\"text\" id=\"wpforms-8156-field_3\" class=\"wpforms-field-medium\" name=\"wpforms[fields][3]\" ><\/div><div id=\"wpforms-8156-field_4-container\" class=\"wpforms-field wpforms-field-textarea\" data-field-id=\"4\"><label class=\"wpforms-field-label\" for=\"wpforms-8156-field_4\">Body <span class=\"wpforms-required-label\">*<\/span><\/label><textarea id=\"wpforms-8156-field_4\" class=\"wpforms-field-medium wpforms-field-required\" name=\"wpforms[fields][4]\" required><\/textarea><\/div><div id=\"wpforms-8156-field_6-container\" class=\"wpforms-field wpforms-field-checkbox\" data-field-id=\"6\"><label class=\"wpforms-field-label wpforms-label-hide\">Rappel<\/label><ul id=\"wpforms-8156-field_6\"><li class=\"choice-1 depth-1\"><input type=\"checkbox\" id=\"wpforms-8156-field_6_1\" name=\"wpforms[fields][6][]\" value=\"Je souhaite \u00eatre rappel\u00e9 pour discuter de mon projet ou \u00e9tablir un devis\"  ><label class=\"wpforms-field-label-inline\" for=\"wpforms-8156-field_6_1\">I want to be called back to talk about my project or get an estimate<\/label><\/li><\/ul><\/div><div id=\"wpforms-8156-field_8-container\" class=\"wpforms-field wpforms-field-text\" data-field-id=\"8\"><label class=\"wpforms-field-label\" for=\"wpforms-8156-field_8\">Phone Number<\/label><input type=\"text\" id=\"wpforms-8156-field_8\" class=\"wpforms-field-medium\" name=\"wpforms[fields][8]\" ><div class=\"wpforms-field-description\">(this number will not be stored on this website or shared with third parties)<\/div><\/div><div id=\"wpforms-8156-field_9-container\" class=\"wpforms-field wpforms-field-gdpr-checkbox\" data-field-id=\"9\"><label class=\"wpforms-field-label\">Accord RGPD <span class=\"wpforms-required-label\">*<\/span><\/label><ul id=\"wpforms-8156-field_9\" class=\"wpforms-field-required\"><li class=\"choice-1\"><input type=\"checkbox\" id=\"wpforms-8156-field_9_1\" name=\"wpforms[fields][9][]\" value=\"Je consens \u00e0 ce que ce site stocke mes informations envoy\u00e9es afin qu\u2019ils puissent r\u00e9pondre \u00e0 ma requ\u00eate.\" required><label class=\"wpforms-field-label-inline\" for=\"wpforms-8156-field_9_1\">I consent to this site storing my information so that they can respond to my request.<\/label><\/li><\/ul><\/div><\/div><!-- .wpforms-field-container --><div class=\"wpforms-field wpforms-field-hp\"><label for=\"wpforms-8156-field-hp\" class=\"wpforms-field-label\">Phone<\/label><input type=\"text\" name=\"wpforms[hp]\" id=\"wpforms-8156-field-hp\" class=\"wpforms-field-medium\"><\/div><div class=\"wpforms-submit-container\" ><input type=\"hidden\" name=\"wpforms[id]\" value=\"8156\"><input type=\"hidden\" name=\"page_title\" value=\"\"><input type=\"hidden\" name=\"page_url\" value=\"https:\/\/kinolios.com\/en\/wp-json\/wp\/v2\/pages\/310\"><input type=\"hidden\" name=\"url_referer\" value=\"\">\t\t<div id=\"cf-turnstile-wpf-1197637310\"\r\n\t\tclass=\"cf-turnstile\" data-callback=\"turnstileWPFCallback\"\t\tdata-sitekey=\"0x4AAAAAAAMZ9EoB09WiC_UD\"\r\n\t\tdata-theme=\"dark\"\r\n\t\tdata-language=\"auto\"\r\n\t\tdata-retry=\"auto\" data-retry-interval=\"1000\"\r\n\t\tdata-action=\"wpforms-8156\"\r\n\t\t\t\tdata-appearance=\"always\"><\/div>\r\n\t\t\t\t<style>-wpf-1197637310 { pointer-events: none; opacity: 0.5; }<\/style>\r\n\t\t\t<script>document.addEventListener(\"DOMContentLoaded\",(function(){var e=document.getElementById(\"cf-turnstile-wpf-1197637310\");e&&turnstile.render(\"#cf-turnstile-wpf-1197637310\",{sitekey:\"0x4AAAAAAAMZ9EoB09WiC_UD\"})}));<\/script>\r\n\t\t\t<br class=\"cf-turnstile-br cf-turnstile-br-wpf-1197637310\">\r\n\t\t\t\t<style>#cf-turnstile-wpf-1197637310 { margin-left: -15px; }<\/style>\r\n\t\t<button type=\"submit\" name=\"wpforms[submit]\" id=\"wpforms-submit-8156\" class=\"wpforms-submit\" data-alt-text=\"Envoi...\" data-submit-text=\"Envoyer\" aria-live=\"assertive\" value=\"wpforms-submit\">Submit<\/button><\/div><input type=\"hidden\" name=\"trp-form-language\" value=\"en\"\/><\/form><\/div>  <!-- .wpforms-container -->\n<\/div>\n<div class=\"col-md-4 col-sm-4 col-xs-12 col-lg-4\">\n<p class=\"mod-reset\">&nbsp;<\/p>\n<\/div>\n<\/div>\n<\/div>\n<\/div>","protected":false},"excerpt":{"rendered":"<p>Veuillez utiliser le formulaire ci-dessous pour toute information suppl\u00e9mentaire ou proposition de projet Nous r\u00e9pondrons dans les meilleurs d\u00e9lais possibles. &nbsp;<\/p>","protected":false},"author":1,"featured_media":0,"parent":0,"menu_order":0,"comment_status":"closed","ping_status":"closed","template":"","meta":{"footnotes":""},"class_list":["post-310","page","type-page","status-publish"],"_links":{"self":[{"href":"https:\/\/kinolios.com\/en\/wp-json\/wp\/v2\/pages\/310","targetHints":{"allow":["GET"]}}],"collection":[{"href":"https:\/\/kinolios.com\/en\/wp-json\/wp\/v2\/pages"}],"about":[{"href":"https:\/\/kinolios.com\/en\/wp-json\/wp\/v2\/types\/page"}],"author":[{"embeddable":true,"href":"https:\/\/kinolios.com\/en\/wp-json\/wp\/v2\/users\/1"}],"replies":[{"embeddable":true,"href":"https:\/\/kinolios.com\/en\/wp-json\/wp\/v2\/comments?post=310"}],"version-history":[{"count":3,"href":"https:\/\/kinolios.com\/en\/wp-json\/wp\/v2\/pages\/310\/revisions"}],"predecessor-version":[{"id":52650,"href":"https:\/\/kinolios.com\/en\/wp-json\/wp\/v2\/pages\/310\/revisions\/52650"}],"wp:attachment":[{"href":"https:\/\/kinolios.com\/en\/wp-json\/wp\/v2\/media?parent=310"}],"curies":[{"name":"wp","href":"https:\/\/api.w.org\/{rel}","templated":true}]}}